{"id":34,"date":"2012-05-22T20:45:12","date_gmt":"2012-05-22T20:45:12","guid":{"rendered":"http:\/\/aliquando.id-3.net\/?page_id=34"},"modified":"2017-02-16T03:01:47","modified_gmt":"2017-02-16T02:01:47","slug":"me-contacter","status":"publish","type":"page","link":"https:\/\/langloisserge.ca\/en\/me-contacter\/","title":{"rendered":"Contact me"},"content":{"rendered":"<p>&nbsp;<\/p>\n<p><\/p>","protected":false},"excerpt":{"rendered":"<p>&nbsp;<\/p>\n","protected":false},"author":1,"featured_media":0,"parent":0,"menu_order":50,"comment_status":"open","ping_status":"closed","template":"t_contact.php","meta":{"_acf_changed":false,"footnotes":""},"class_list":["post-34","page","type-page","status-publish","hentry"],"acf":[],"yoast_head":"<!-- This site is optimized with the Yoast SEO plugin v26.7 - https:\/\/yoast.com\/wordpress\/plugins\/seo\/ -->\n<title>Contact - 61 rue St-Charles Ouest, Longueuil | Serge Langlois<\/title>\n<meta name=\"description\" content=\"Contactez votre courtier Immobilier Remax pour des conseils avis\u00e9s pour l&#039;achat ou la vente de votre maison ou propri\u00e9t\u00e9. 450-651-8331\" \/>\n<meta name=\"robots\" content=\"index, follow, max-snippet:-1, max-image-preview:large, max-video-preview:-1\" \/>\n<link rel=\"canonical\" href=\"https:\/\/langloisserge.ca\/me-contacter\/\" \/>\n<meta property=\"og:locale\" content=\"en_US\" \/>\n<meta property=\"og:type\" content=\"article\" \/>\n<meta property=\"og:title\" content=\"Contact - 61 rue St-Charles Ouest, Longueuil | Serge Langlois\" \/>\n<meta property=\"og:description\" content=\"Contactez votre courtier Immobilier Remax pour des conseils avis\u00e9s pour l&#039;achat ou la vente de votre maison ou propri\u00e9t\u00e9. 450-651-8331\" \/>\n<meta property=\"og:url\" content=\"https:\/\/langloisserge.ca\/me-contacter\/\" \/>\n<meta property=\"og:site_name\" content=\"Serge Langlois\" \/>\n<meta property=\"article:modified_time\" content=\"2017-02-16T02:01:47+00:00\" \/>\n<meta name=\"twitter:card\" content=\"summary_large_image\" \/>\n<script type=\"application\/ld+json\" class=\"yoast-schema-graph\">{\"@context\":\"https:\/\/schema.org\",\"@graph\":[{\"@type\":\"WebPage\",\"@id\":\"https:\/\/langloisserge.ca\/me-contacter\/\",\"url\":\"https:\/\/langloisserge.ca\/me-contacter\/\",\"name\":\"Contact - 61 rue St-Charles Ouest, Longueuil | Serge Langlois\",\"isPartOf\":{\"@id\":\"https:\/\/langloisserge.ca\/#website\"},\"datePublished\":\"2012-05-22T20:45:12+00:00\",\"dateModified\":\"2017-02-16T02:01:47+00:00\",\"description\":\"Contactez votre courtier Immobilier Remax pour des conseils avis\u00e9s pour l'achat ou la vente de votre maison ou propri\u00e9t\u00e9. 450-651-8331\",\"breadcrumb\":{\"@id\":\"https:\/\/langloisserge.ca\/me-contacter\/#breadcrumb\"},\"inLanguage\":\"en-US\",\"potentialAction\":[{\"@type\":\"ReadAction\",\"target\":[\"https:\/\/langloisserge.ca\/me-contacter\/\"]}]},{\"@type\":\"BreadcrumbList\",\"@id\":\"https:\/\/langloisserge.ca\/me-contacter\/#breadcrumb\",\"itemListElement\":[{\"@type\":\"ListItem\",\"position\":1,\"name\":\"Accueil\",\"item\":\"https:\/\/langloisserge.ca\/\"},{\"@type\":\"ListItem\",\"position\":2,\"name\":\"Me contacter\"}]},{\"@type\":\"WebSite\",\"@id\":\"https:\/\/langloisserge.ca\/#website\",\"url\":\"https:\/\/langloisserge.ca\/\",\"name\":\"Serge Langlois\",\"description\":\"Real Estate Broker\",\"potentialAction\":[{\"@type\":\"SearchAction\",\"target\":{\"@type\":\"EntryPoint\",\"urlTemplate\":\"https:\/\/langloisserge.ca\/?s={search_term_string}\"},\"query-input\":{\"@type\":\"PropertyValueSpecification\",\"valueRequired\":true,\"valueName\":\"search_term_string\"}}],\"inLanguage\":\"en-US\"}]}<\/script>\n<!-- \/ Yoast SEO plugin. -->","yoast_head_json":{"title":"Contact - 61 rue St-Charles Ouest, Longueuil | Serge Langlois","description":"Contactez votre courtier Immobilier Remax pour des conseils avis\u00e9s pour l'achat ou la vente de votre maison ou propri\u00e9t\u00e9. 450-651-8331","robots":{"index":"index","follow":"follow","max-snippet":"max-snippet:-1","max-image-preview":"max-image-preview:large","max-video-preview":"max-video-preview:-1"},"canonical":"https:\/\/langloisserge.ca\/me-contacter\/","og_locale":"en_US","og_type":"article","og_title":"Contact - 61 rue St-Charles Ouest, Longueuil | Serge Langlois","og_description":"Contactez votre courtier Immobilier Remax pour des conseils avis\u00e9s pour l'achat ou la vente de votre maison ou propri\u00e9t\u00e9. 450-651-8331","og_url":"https:\/\/langloisserge.ca\/me-contacter\/","og_site_name":"Serge Langlois","article_modified_time":"2017-02-16T02:01:47+00:00","twitter_card":"summary_large_image","schema":{"@context":"https:\/\/schema.org","@graph":[{"@type":"WebPage","@id":"https:\/\/langloisserge.ca\/me-contacter\/","url":"https:\/\/langloisserge.ca\/me-contacter\/","name":"Contact - 61 rue St-Charles Ouest, Longueuil | Serge Langlois","isPartOf":{"@id":"https:\/\/langloisserge.ca\/#website"},"datePublished":"2012-05-22T20:45:12+00:00","dateModified":"2017-02-16T02:01:47+00:00","description":"Contactez votre courtier Immobilier Remax pour des conseils avis\u00e9s pour l'achat ou la vente de votre maison ou propri\u00e9t\u00e9. 450-651-8331","breadcrumb":{"@id":"https:\/\/langloisserge.ca\/me-contacter\/#breadcrumb"},"inLanguage":"en-US","potentialAction":[{"@type":"ReadAction","target":["https:\/\/langloisserge.ca\/me-contacter\/"]}]},{"@type":"BreadcrumbList","@id":"https:\/\/langloisserge.ca\/me-contacter\/#breadcrumb","itemListElement":[{"@type":"ListItem","position":1,"name":"Accueil","item":"https:\/\/langloisserge.ca\/"},{"@type":"ListItem","position":2,"name":"Me contacter"}]},{"@type":"WebSite","@id":"https:\/\/langloisserge.ca\/#website","url":"https:\/\/langloisserge.ca\/","name":"Serge Langlois","description":"Real Estate Broker","potentialAction":[{"@type":"SearchAction","target":{"@type":"EntryPoint","urlTemplate":"https:\/\/langloisserge.ca\/?s={search_term_string}"},"query-input":{"@type":"PropertyValueSpecification","valueRequired":true,"valueName":"search_term_string"}}],"inLanguage":"en-US"}]}},"_links":{"self":[{"href":"https:\/\/langloisserge.ca\/en\/wp-json\/wp\/v2\/pages\/34","targetHints":{"allow":["GET"]}}],"collection":[{"href":"https:\/\/langloisserge.ca\/en\/wp-json\/wp\/v2\/pages"}],"about":[{"href":"https:\/\/langloisserge.ca\/en\/wp-json\/wp\/v2\/types\/page"}],"author":[{"embeddable":true,"href":"https:\/\/langloisserge.ca\/en\/wp-json\/wp\/v2\/users\/1"}],"replies":[{"embeddable":true,"href":"https:\/\/langloisserge.ca\/en\/wp-json\/wp\/v2\/comments?post=34"}],"version-history":[{"count":1,"href":"https:\/\/langloisserge.ca\/en\/wp-json\/wp\/v2\/pages\/34\/revisions"}],"predecessor-version":[{"id":479,"href":"https:\/\/langloisserge.ca\/en\/wp-json\/wp\/v2\/pages\/34\/revisions\/479"}],"wp:attachment":[{"href":"https:\/\/langloisserge.ca\/en\/wp-json\/wp\/v2\/media?parent=34"}],"curies":[{"name":"wp","href":"https:\/\/api.w.org\/{rel}","templated":true}]}}